{"id":484,"date":"2021-06-30T18:45:37","date_gmt":"2021-06-30T18:45:37","guid":{"rendered":"https:\/\/bubblyapp.cz\/?page_id=484"},"modified":"2021-07-01T20:32:34","modified_gmt":"2021-07-01T20:32:34","slug":"obchodni-podminky","status":"publish","type":"page","link":"https:\/\/bubblyapp.cz\/index.php\/obchodni-podminky\/","title":{"rendered":"Obchodn\u00ed podm\u00ednky"},"content":{"rendered":"\t\t<div data-elementor-type=\"wp-page\" data-elementor-id=\"484\" class=\"elementor elementor-484\" data-elementor-settings=\"[]\">\n\t\t\t\t\t\t\t<div class=\"elementor-section-wrap\">\n\t\t\t\t\t\t\t<section class=\"elementor-section elementor-top-section elementor-element elementor-element-dc25308 elementor-section-boxed elementor-section-height-default elementor-section-height-default\" data-id=\"dc25308\" data-element_type=\"section\">\n\t\t\t\t\t\t<div class=\"elementor-container elementor-column-gap-default\">\n\t\t\t\t\t\t\t\t<\/div>\n\t\t<\/section>\n\t\t\t\t<section class=\"elementor-section elementor-top-section elementor-element elementor-element-26e6ee9 elementor-section-boxed elementor-section-height-default elementor-section-height-default\" data-id=\"26e6ee9\" data-element_type=\"section\">\n\t\t\t\t\t\t<div class=\"elementor-container elementor-column-gap-default\">\n\t\t\t\t\t\t\t\t<\/div>\n\t\t<\/section>\n\t\t\t\t<section class=\"elementor-section elementor-top-section elementor-element elementor-element-e2ed996 elementor-section-boxed elementor-section-height-default elementor-section-height-default\" data-id=\"e2ed996\" data-element_type=\"section\">\n\t\t\t\t\t\t<div class=\"elementor-container elementor-column-gap-default\">\n\t\t\t\t\t<div class=\"elementor-column elementor-col-100 elementor-top-column elementor-element elementor-element-19abe15\" data-id=\"19abe15\" data-element_type=\"column\">\n\t\t\t<div class=\"elementor-widget-wrap elementor-element-populated\">\n\t\t\t\t\t\t\t\t<div class=\"elementor-element elementor-element-5076e49 elementor-widget elementor-widget-heading\" data-id=\"5076e49\" data-element_type=\"widget\" data-widget_type=\"heading.default\">\n\t\t\t\t<div class=\"elementor-widget-container\">\n\t\t\t<h2 class=\"elementor-heading-title elementor-size-default\">Obchodn\u00ed podm\u00ednky<\/h2>\t\t<\/div>\n\t\t\t\t<\/div>\n\t\t\t\t<div class=\"elementor-element elementor-element-4a21d59 elementor-widget elementor-widget-heading\" data-id=\"4a21d59\" data-element_type=\"widget\" data-widget_type=\"heading.default\">\n\t\t\t\t<div class=\"elementor-widget-container\">\n\t\t\t<h4 class=\"elementor-heading-title elementor-size-default\">I. \u00davodn\u00ed ustanoven\u00ed<\/h4>\t\t<\/div>\n\t\t\t\t<\/div>\n\t\t\t\t<div class=\"elementor-element elementor-element-3f5f157 elementor-widget elementor-widget-text-editor\" data-id=\"3f5f157\" data-element_type=\"widget\" data-widget_type=\"text-editor.default\">\n\t\t\t\t<div class=\"elementor-widget-container\">\n\t\t\t\t\t<div class=\"elementor-text-editor elementor-clearfix\"><ol style=\"font-size: 17px; font-style: normal; font-weight: 400;\"><li style=\"font-size: 17px;\">Tyto obchodn\u00ed podm\u00ednky definuj\u00ed pr\u00e1va a povinnosti p\u0159i poskytov\u00e1n\u00ed online slu\u017eeb s vyu\u017eit\u00edm webov\u00e9 a mobiln\u00ed aplikace BubblyApp, kter\u00e9 jsou bl\u00ed\u017ee definov\u00e1ny ve \u010dl. II. t\u011bchto obchodn\u00edch podm\u00ednek, a to spole\u010dnost\u00ed Bubbly Corp, s.r.o., I\u010c: 07879903, se s\u00eddlem Dr. Zikmunda Wintra 548\/24, Praha, 16000, \u010cesk\u00e1 republika, zapsanou v obchodn\u00edm rejst\u0159\u00edku veden\u00e9m u M\u011bstsk\u00e9ho soudu v Praze, odd\u00edl C, vlo\u017eka 309169\u00a0(d\u00e1le jen \u201e<span style=\"font-weight: bold;\">Poskytovatel<\/span>\u201c).\u00a0<\/li><li style=\"font-size: 17px;\">Poskytovatel poskytuje slu\u017eby definovan\u00e9 ve \u010dl. II. t\u011bchto obchodn\u00edch podm\u00ednek subjekt\u016fm, kter\u00e9 popt\u00e1vaj\u00ed online slu\u017eby definovan\u00e9 ve \u010dl. II. t\u011bchto obchodn\u00edch podm\u00ednek, prost\u0159ednictv\u00edm webov\u00fdch str\u00e1nek bubblyapp.cz a mobiln\u00ed aplikace Bubbly (d\u00e1le jen \u201e<span style=\"font-weight: bold;\">Klient<\/span>\u201c). Klientem se pro \u00fa\u010dely t\u011bchto obchodn\u00edch podm\u00ednek rozum\u00ed subjekt zam\u011b\u0159en\u00fd na organizov\u00e1n\u00ed akc\u00ed, kter\u00fd m\u00e1 z\u00e1jem o propojen\u00ed s brig\u00e1dn\u00edky pro svoji akci. Klientem je zpravidla podnikaj\u00edc\u00ed fyzick\u00e1 nebo pr\u00e1vnick\u00e1 osoba.\u00a0<\/li><li style=\"font-size: 17px;\">Tyto obchodn\u00ed podm\u00ednky jsou sou\u010d\u00e1st\u00ed Smlouvy o poskytov\u00e1n\u00ed online slu\u017eeb, uzav\u00edran\u00e9 mezi Poskytovatelem a Klientem p\u00edsemnou (ov\u011b\u0159enou podpisem) \u010di elektronickou formou (ov\u011b\u0159enou elektronick\u00fdm podpisem) (d\u00e1le jen \u201e<span style=\"font-weight: bold;\">Smlouva<\/span>\u201c). Smlouva, jej\u00ed jednotliv\u00e1 ujedn\u00e1n\u00ed a podm\u00ednky ukon\u010den\u00ed smlouvy jsou bl\u00ed\u017ee specifikov\u00e1ny v konkr\u00e9tn\u00ed Smlouv\u011b o poskytov\u00e1n\u00ed online slu\u017eeb. Ob\u011b strany jsou se zn\u011bn\u00edm Smlouvy p\u0159edem srozum\u011bny a ob\u011b strany potvrzuj\u00ed souhlas se zn\u011bn\u00edm Smlouvy p\u00edsemn\u00fdm \u010di elektronick\u00fdm podpisem.\u00a0Aplikace jin\u00fdch ujedn\u00e1n\u00ed \u010di obchodn\u00edch podm\u00ednek, neuveden\u00fdch v t\u011bchto obchodn\u00edch podm\u00ednk\u00e1ch, je vylou\u010dena.\u00a0<\/li><\/ol><\/div>\n\t\t\t\t<\/div>\n\t\t\t\t<\/div>\n\t\t\t\t<div class=\"elementor-element elementor-element-7fe97aa elementor-widget elementor-widget-heading\" data-id=\"7fe97aa\" data-element_type=\"widget\" data-widget_type=\"heading.default\">\n\t\t\t\t<div class=\"elementor-widget-container\">\n\t\t\t<h4 class=\"elementor-heading-title elementor-size-default\">II. Popis poskytovan\u00fdch slu\u017eeb<\/h4>\t\t<\/div>\n\t\t\t\t<\/div>\n\t\t\t\t<div class=\"elementor-element elementor-element-b192d7e elementor-widget elementor-widget-text-editor\" data-id=\"b192d7e\" data-element_type=\"widget\" data-widget_type=\"text-editor.default\">\n\t\t\t\t<div class=\"elementor-widget-container\">\n\t\t\t\t\t<div class=\"elementor-text-editor elementor-clearfix\"><ol><li style=\"font-size: 17px; font-style: normal; font-weight: 400;\"><span style=\"font-style: inherit; font-weight: inherit; background-color: var( --e-global-color-primary ); color: var( --e-global-color-9b35439 );\">Poskytovatel prost\u0159ednictv\u00edm registrace na z\u00e1klad\u011b oboustrann\u011b podepsan\u00e9 Smlouvy o poskytnut\u00ed slu\u017eeb, za podm\u00ednek stanoven\u00fdch v t\u011bchto obchodn\u00edch podm\u00ednk\u00e1ch, za\u0159ad\u00ed Klienta mezi po\u0159adatele, kter\u00e9 bude propojovat s osobami, kter\u00e9 hledaj\u00ed brig\u00e1du (\u010di zku\u0161enosti) a\u0165 u\u017e formou dobrovolnictv\u00ed \u010di placenou formou.\u00a0<\/span><\/li><li style=\"font-size: 17px; font-style: normal; font-weight: 400;\">Poskytovatel se zavazuje slu\u017ebu dle odst. 1 tohoto \u010dl\u00e1nku poskytovat v re\u017eimu 24\/7. Poskytovatel umo\u017e\u0148uje Klientovi v\u00fdb\u011br uchaze\u010d\u016f o brig\u00e1du v r\u00e1mci jejich bodov\u00e9ho hodnocen\u00ed, tedy rozhodnut\u00ed na z\u00e1klad\u011b p\u0159edchoz\u00ed spolehlivosti uchaze\u010de, av\u0161ak negarantuje spolehlivost uchaze\u010de jako takovou p\u0159i potvrzen\u00ed pro nadch\u00e1zej\u00edc\u00ed ud\u00e1lost.<\/li><li style=\"font-size: 17px; font-style: normal; font-weight: 400;\">Poskytovatel se zavazuje informace o mo\u017en\u00fdch propojen\u00edch Klient\u016f a t\u0159et\u00edch osob a kon\u00e1n\u00ed akc\u00ed dle odst. 1 tohoto \u010dl\u00e1nku zas\u00edlat na e-mailovou adresu Klienta uvedenou p\u0159i jeho registraci a z\u00e1rove\u0148 jsou tyto informace viditeln\u00e9 on-line v klientsk\u00e9m \u00fa\u010dtu na str\u00e1nk\u00e1ch bubblyapp.cz. Zasl\u00e1n\u00edm a zobrazen\u00edm t\u011bchto informac\u00ed v klientsk\u00e9m \u00fa\u010dtu jsou povinnosti Poskytovatele dle t\u011bchto obchodn\u00edch podm\u00ednek a Smlouvy v\u016f\u010di Klientovi spln\u011bny. Poskytovatel je opr\u00e1vn\u011bn zm\u011bnit zp\u016fsob poskytov\u00e1n\u00ed slu\u017eeb i bez souhlasu Klienta, takov\u00e9 zm\u011bny v\u0161ak nesm\u00ed v\u00e9st k z\u00e1sadn\u00edmu omezen\u00ed rozsahu poskytovan\u00fdch slu\u017eeb.\u00a0<\/li><\/ol><\/div>\n\t\t\t\t<\/div>\n\t\t\t\t<\/div>\n\t\t\t\t\t<\/div>\n\t\t<\/div>\n\t\t\t\t\t\t\t<\/div>\n\t\t<\/section>\n\t\t\t\t\t\t<\/div>\n\t\t\t\t\t<\/div>\n\t\t","protected":false},"excerpt":{"rendered":"<p>Obchodn\u00ed podm\u00ednky I. \u00davodn\u00ed ustanoven\u00ed Tyto obchodn\u00ed podm\u00ednky definuj\u00ed pr\u00e1va a povinnosti p\u0159i poskytov\u00e1n\u00ed online slu\u017eeb s vyu\u017eit\u00edm webov\u00e9 a mobiln\u00ed aplikace BubblyApp, kter\u00e9 jsou bl\u00ed\u017ee definov\u00e1ny ve \u010dl. II. t\u011bchto obchodn\u00edch podm\u00ednek, a to spole\u010dnost\u00ed Bubbly Corp, s.r.o., I\u010c: 07879903, se s\u00eddlem Dr. Zikmunda Wintra 548\/24, Praha, 16000, \u010cesk\u00e1 republika, zapsanou v obchodn\u00edm rejst\u0159\u00edku &hellip;<\/p>\n<p class=\"read-more\"> <a class=\"\" href=\"https:\/\/bubblyapp.cz\/index.php\/obchodni-podminky\/\"> <span class=\"screen-reader-text\">Obchodn\u00ed podm\u00ednky<\/span> Pokra\u010dovat ve \u010dten\u00ed &raquo;<\/a><\/p>\n","protected":false},"author":1,"featured_media":0,"parent":0,"menu_order":0,"comment_status":"closed","ping_status":"closed","template":"","meta":[],"_links":{"self":[{"href":"https:\/\/bubblyapp.cz\/index.php\/wp-json\/wp\/v2\/pages\/484"}],"collection":[{"href":"https:\/\/bubblyapp.cz\/index.php\/wp-json\/wp\/v2\/pages"}],"about":[{"href":"https:\/\/bubblyapp.cz\/index.php\/wp-json\/wp\/v2\/types\/page"}],"author":[{"embeddable":true,"href":"https:\/\/bubblyapp.cz\/index.php\/wp-json\/wp\/v2\/users\/1"}],"replies":[{"embeddable":true,"href":"https:\/\/bubblyapp.cz\/index.php\/wp-json\/wp\/v2\/comments?post=484"}],"version-history":[{"count":29,"href":"https:\/\/bubblyapp.cz\/index.php\/wp-json\/wp\/v2\/pages\/484\/revisions"}],"predecessor-version":[{"id":518,"href":"https:\/\/bubblyapp.cz\/index.php\/wp-json\/wp\/v2\/pages\/484\/revisions\/518"}],"wp:attachment":[{"href":"https:\/\/bubblyapp.cz\/index.php\/wp-json\/wp\/v2\/media?parent=484"}],"curies":[{"name":"wp","href":"https:\/\/api.w.org\/{rel}","templated":true}]}}