{"id":27,"date":"2021-03-23T09:19:44","date_gmt":"2021-03-23T09:19:44","guid":{"rendered":"https:\/\/bubblyapp.cz\/?page_id=27"},"modified":"2021-09-27T12:56:48","modified_gmt":"2021-09-27T12:56:48","slug":"esif-projekty","status":"publish","type":"page","link":"https:\/\/bubblyapp.cz\/index.php\/esif-projekty\/","title":{"rendered":"ESIF Projekty"},"content":{"rendered":"\t\t<div data-elementor-type=\"wp-page\" data-elementor-id=\"27\" class=\"elementor elementor-27\" data-elementor-settings=\"[]\">\n\t\t\t\t\t\t\t<div class=\"elementor-section-wrap\">\n\t\t\t\t\t\t\t<section class=\"elementor-section elementor-top-section elementor-element elementor-element-d2bb007 elementor-section-boxed elementor-section-height-default elementor-section-height-default\" data-id=\"d2bb007\" data-element_type=\"section\">\n\t\t\t\t\t\t<div class=\"elementor-container elementor-column-gap-default\">\n\t\t\t\t\t<div class=\"elementor-column elementor-col-100 elementor-top-column elementor-element elementor-element-f6323f6\" data-id=\"f6323f6\" data-element_type=\"column\">\n\t\t\t<div class=\"elementor-widget-wrap\">\n\t\t\t\t\t\t\t\t\t<\/div>\n\t\t<\/div>\n\t\t\t\t\t\t\t<\/div>\n\t\t<\/section>\n\t\t\t\t<section class=\"elementor-section elementor-top-section elementor-element elementor-element-461e3cc elementor-section-boxed elementor-section-height-default elementor-section-height-default\" data-id=\"461e3cc\" data-element_type=\"section\">\n\t\t\t\t\t\t<div class=\"elementor-container elementor-column-gap-default\">\n\t\t\t\t\t<div class=\"elementor-column elementor-col-100 elementor-top-column elementor-element elementor-element-32be370\" data-id=\"32be370\" data-element_type=\"column\">\n\t\t\t<div class=\"elementor-widget-wrap elementor-element-populated\">\n\t\t\t\t\t\t\t\t<div class=\"elementor-element elementor-element-af41122 elementor-widget elementor-widget-heading\" data-id=\"af41122\" data-element_type=\"widget\" data-widget_type=\"heading.default\">\n\t\t\t\t<div class=\"elementor-widget-container\">\n\t\t\t<h2 class=\"elementor-heading-title elementor-size-default\">ESIF projekty<\/h2>\t\t<\/div>\n\t\t\t\t<\/div>\n\t\t\t\t<div class=\"elementor-element elementor-element-69b31ea elementor-widget elementor-widget-text-editor\" data-id=\"69b31ea\" data-element_type=\"widget\" data-widget_type=\"text-editor.default\">\n\t\t\t\t<div class=\"elementor-widget-container\">\n\t\t\t\t\t<div class=\"elementor-text-editor elementor-clearfix\"><p>V roce 2020 z\u00edskala firma Bubbly Corp, s.r.o. podporu z Evropsk\u00fdch struktur\u00e1ln\u00edch a investi\u010dn\u00edch fond\u016f, realizovanou skrz Opera\u010dn\u00ed program Praha \u2013 p\u00f3l r\u016fstu \u010cR a \u010derpanou p\u0159es druhou v\u00fdzvu Specializovan\u00fdch voucher\u016f (reg. \u010d. CZ.07.1.02\/0.0\/0.0\/16_027\/0000607). Podpora byla m\u00ed\u0159ena na \u00fa\u010dast firmy Bubbly Corp, s.r.o. na projektu Bubbly App v Praze za \u00fa\u010delem nov\u00e9 mobiln\u00ed aplikace. O\u010dek\u00e1van\u00fdm v\u00fdstupem realizace je digit\u00e1ln\u00ed platforma, kter\u00e1 pohodlne\u030c pr\u030ces mobiln\u00ed aplikaci online propoj\u00ed hostesky nebo hostesingov\u00e9 agentury s popt\u00e1vkami klientu\u030a po te\u030cchto slu\u017eb\u00e1ch. Projekt Bubbly App je spolufinancov\u00e1n Evropskou uni\u00ed.<\/p><p>V roce 2020 z\u00edskala firma Bubbly Corp, s.r.o. podporu z Evropsk\u00fdch struktur\u00e1ln\u00edch a investi\u010dn\u00edch fond\u016f, realizovanou skrz Opera\u010dn\u00ed program Praha \u2013 p\u00f3l r\u016fstu \u010cR a \u010derpanou p\u0159es druhou v\u00fdzvu Specializovan\u00fdch voucher\u016f (reg. \u010d. CZ.07.1.02\/0.0\/0.0\/16_027\/0000607). Podpora byla m\u00ed\u0159ena na \u00fa\u010dast firmy Bubbly Corp, s.r.o. na projektu BUBBLY BRAND v Praze za \u00fa\u010delem nov\u00e9ho brandu spole\u010dnosti. O\u010dek\u00e1van\u00fdm v\u00fdstupem realizace je komplexn\u00ed dod\u00e1vka brandov\u00e9ho r\u030ce\u0161en\u00ed, jeho\u017e c\u00edlem je u z\u00e1kazn\u00edku\u030a vyvolat profesion\u00e1ln\u00ed dojem a oc\u030cek\u00e1v\u00e1n\u00ed, kter\u00e9 bude firma schopna opakovane\u030c uspokojovat a z\u00e1roven\u030c bude schopna odli\u0161it od konkurence. Projekt BUBBLY BRANDje spolufinancov\u00e1n Evropskou uni\u00ed.<\/p><p>V roce 2020 z\u00edskala firma Bubbly Corp, s.r.o. podporu z Evropsk\u00fdch struktur\u00e1ln\u00edch a investi\u010dn\u00edch fond\u016f, realizovanou skrz Opera\u010dn\u00ed program Praha \u2013 p\u00f3l r\u016fstu \u010cR a \u010derpanou p\u0159es druhou v\u00fdzvu Specializovan\u00fdch voucher\u016f (reg. \u010d. CZ.07.1.02\/0.0\/0.0\/16_027\/0000607). Podpora byla m\u00ed\u0159ena na \u00fa\u010dast firmy Bubbly Corp, s.r.o. na projektu BUBBLY ON-LINE HOSTESING MARKETPLACE v Praze za \u00fa\u010delem webov\u00fdch str\u00e1nek hostesingov\u00e9 agentury a digit\u00e1ln\u00edh tr\u017ei\u0161t\u011b. O\u010dek\u00e1van\u00fdm v\u00fdstupem realizace budou prezentac\u030cn\u00ed webov\u00e9 str\u00e1nky hostesingov\u00e9 agentury a z\u00e1roven\u030c digit\u00e1ln\u00ed platforma (tr\u017ei\u0161te\u030c), kter\u00e1 pohodlne\u030c pr\u030ces webov\u00e9 rozhran\u00ed online propoj\u00ed organiz\u00e1tory akc\u00ed s hosteskami nebo hostesingov\u00fdmi agenturami. Cel\u00fd proces od hled\u00e1n\u00ed hostesek a\u017e po samotnou akci bude realizov\u00e1n za pomoci teto digit\u00e1ln\u00ed platformy. <br \/>Projekt BUBBLY ON-LINE HOSTESING MARKETPLACE spolufinancov\u00e1n Evropskou uni\u00ed.\u00a0<\/p><\/div>\n\t\t\t\t<\/div>\n\t\t\t\t<\/div>\n\t\t\t\t<div class=\"elementor-element elementor-element-be6f36f elementor-widget elementor-widget-image\" data-id=\"be6f36f\" data-element_type=\"widget\" data-widget_type=\"image.default\">\n\t\t\t\t<div class=\"elementor-widget-container\">\n\t\t\t\t\t<div class=\"elementor-image\">\n\t\t\t\t\t\t\t\t\t\t<img width=\"1024\" height=\"220\" src=\"https:\/\/bubblyapp.cz\/wp-content\/uploads\/2021\/03\/E_logo-1024x220.png\" class=\"attachment-large size-large\" alt=\"Evropsk\u00e1 Unie, logo\" loading=\"lazy\" srcset=\"https:\/\/bubblyapp.cz\/wp-content\/uploads\/2021\/03\/E_logo-1024x220.png 1024w, https:\/\/bubblyapp.cz\/wp-content\/uploads\/2021\/03\/E_logo-300x65.png 300w, https:\/\/bubblyapp.cz\/wp-content\/uploads\/2021\/03\/E_logo-768x165.png 768w, https:\/\/bubblyapp.cz\/wp-content\/uploads\/2021\/03\/E_logo.png 1200w\" sizes=\"(max-width: 1024px) 100vw, 1024px\" \/>\t\t\t\t\t\t\t\t\t\t\t<\/div>\n\t\t\t\t<\/div>\n\t\t\t\t<\/div>\n\t\t\t\t\t<\/div>\n\t\t<\/div>\n\t\t\t\t\t\t\t<\/div>\n\t\t<\/section>\n\t\t\t\t\t\t<\/div>\n\t\t\t\t\t<\/div>\n\t\t","protected":false},"excerpt":{"rendered":"<p>O spole\u010dnosti V roce 2020 z\u00edskala firma Bubbly Corp, s.r.o. podporu z Evropsk\u00fdch struktur\u00e1ln\u00edch a investi\u010dn\u00edch fond\u016f, realizovanou skrz Opera\u010dn\u00ed program Praha \u2013 p\u00f3l r\u016fstu \u010cR a \u010derpanou p\u0159es druhou v\u00fdzvu Specializovan\u00fdch voucher\u016f (reg. \u010d. CZ.07.1.02\/0.0\/0.0\/16_027\/0000607). Podpora byla m\u00ed\u0159ena na \u00fa\u010dast firmy Bubbly Corp, s.r.o. na projektu Bubbly App v Praze za \u00fa\u010delem nov\u00e9 mobiln\u00ed &hellip;<\/p>\n<p class=\"read-more\"> <a class=\"\" href=\"https:\/\/bubblyapp.cz\/index.php\/esif-projekty\/\"> <span class=\"screen-reader-text\">ESIF Projekty<\/span> Pokra\u010dovat ve \u010dten\u00ed &raquo;<\/a><\/p>\n","protected":false},"author":1,"featured_media":0,"parent":0,"menu_order":0,"comment_status":"closed","ping_status":"closed","template":"","meta":[],"_links":{"self":[{"href":"https:\/\/bubblyapp.cz\/index.php\/wp-json\/wp\/v2\/pages\/27"}],"collection":[{"href":"https:\/\/bubblyapp.cz\/index.php\/wp-json\/wp\/v2\/pages"}],"about":[{"href":"https:\/\/bubblyapp.cz\/index.php\/wp-json\/wp\/v2\/types\/page"}],"author":[{"embeddable":true,"href":"https:\/\/bubblyapp.cz\/index.php\/wp-json\/wp\/v2\/users\/1"}],"replies":[{"embeddable":true,"href":"https:\/\/bubblyapp.cz\/index.php\/wp-json\/wp\/v2\/comments?post=27"}],"version-history":[{"count":17,"href":"https:\/\/bubblyapp.cz\/index.php\/wp-json\/wp\/v2\/pages\/27\/revisions"}],"predecessor-version":[{"id":530,"href":"https:\/\/bubblyapp.cz\/index.php\/wp-json\/wp\/v2\/pages\/27\/revisions\/530"}],"wp:attachment":[{"href":"https:\/\/bubblyapp.cz\/index.php\/wp-json\/wp\/v2\/media?parent=27"}],"curies":[{"name":"wp","href":"https:\/\/api.w.org\/{rel}","templated":true}]}}